{"id":13,"date":"2012-08-12T10:00:22","date_gmt":"2012-08-12T08:00:22","guid":{"rendered":"http:\/\/www.atelier-rieck.de\/?page_id=13"},"modified":"2017-03-09T10:41:35","modified_gmt":"2017-03-09T08:41:35","slug":"vita","status":"publish","type":"page","link":"http:\/\/www.atelier-rieck.de\/?page_id=13","title":{"rendered":"Vita"},"content":{"rendered":"<p><a href=\"http:\/\/atelier-rieck.de\/wp-content\/uploads\/2012\/06\/heike.jpg\"><img loading=\"lazy\" class=\"size-medium wp-image-81 alignleft\" style=\"border: 3px solid black; margin-right: 15px;\" title=\"heike\" src=\"http:\/\/atelier-rieck.de\/wp-content\/uploads\/2012\/06\/heike-211x300.jpg\" alt=\"\" width=\"211\" height=\"300\" \/><\/a>Heike Rieck, wurde\u00a0in Berlin geboren und lebt heute in der N\u00e4he von Bremen. Schon in der Schulzeit wurde ihr Talent zur gestalterischen Kunst erkannt und gef\u00f6rdert. W\u00e4hrend des gesamten weiteren Lebenswegs war sie im k\u00fcnstlerischen und gestalterischen Bereich t\u00e4tig, bis sie sich seit 2004 \u00fcberwiegend der abstrakten Malerei zuwandte. Heike Rieck ist bekennende Autodidaktin. Sie unters\u00fctzt sich aber auch durch eine st\u00e4ndige Weiterbildung bei der bekannten Bremer Malerin Delia Nordhaus.<\/p>\n<p>&nbsp;<\/p>\n<p align=\"LEFT\">\u00dcber Jahre hat Rieck ihre ganz individuelle Material- und Formensprache entwickelt und gefunden \u2013 ihren unverkennbaren Stil. Die modern- abstrakten Bilder von Rieck sind in Spachtel bzw. schichtartigen Stil ausgef\u00fchrt. Die Anwendung verschiedener Techniken in Kombination mit zum Teil sehr unterschiedlichen Materialien geben den Werken Kontur, setzen Akzente und definieren Wiederspr\u00fcche. In ihren Arbeiten zeigt sie den Protest gegen das Genaue und Exakte, legt aber dennoch gro\u00dfe Sorgfalt auf das Zusammenspiel und die Harmonie der Farben. Dieses erzeugt beim Betrachter Leichtigkeit und Dynamik und animiert die Neugier, immer neue Facetten im Werkraum des Bildes zu entdecken. Auf den ersten Blick chaotisch angebrachte Details und scheinbar nicht passende Fragmente, in verschiedenen Ebenen und Schichten, erwecken dabei Dimensionalit\u00e4t und Gestalt in den Werken.<\/p>\n<p>&nbsp;<\/p>\n<p>&nbsp;<\/p>\n<p>&nbsp;<\/p>\n","protected":false},"excerpt":{"rendered":"<p>Heike Rieck, wurde\u00a0in Berlin geboren und lebt heute in der N\u00e4he von Bremen. Schon in der Schulzeit wurde ihr Talent zur gestalterischen Kunst erkannt und gef\u00f6rdert. W\u00e4hrend des gesamten weiteren Lebenswegs war sie im k\u00fcnstlerischen und gestalterischen Bereich t\u00e4tig, bis sie sich seit 2004 \u00fcberwiegend der abstrakten Malerei zuwandte. Heike Rieck ist bekennende Autodidaktin. Sie [&hellip;]<\/p>\n","protected":false},"author":1,"featured_media":0,"parent":0,"menu_order":0,"comment_status":"open","ping_status":"closed","template":"","meta":[],"_links":{"self":[{"href":"http:\/\/www.atelier-rieck.de\/index.php?rest_route=\/wp\/v2\/pages\/13"}],"collection":[{"href":"http:\/\/www.atelier-rieck.de\/index.php?rest_route=\/wp\/v2\/pages"}],"about":[{"href":"http:\/\/www.atelier-rieck.de\/index.php?rest_route=\/wp\/v2\/types\/page"}],"author":[{"embeddable":true,"href":"http:\/\/www.atelier-rieck.de\/index.php?rest_route=\/wp\/v2\/users\/1"}],"replies":[{"embeddable":true,"href":"http:\/\/www.atelier-rieck.de\/index.php?rest_route=%2Fwp%2Fv2%2Fcomments&post=13"}],"version-history":[{"count":14,"href":"http:\/\/www.atelier-rieck.de\/index.php?rest_route=\/wp\/v2\/pages\/13\/revisions"}],"predecessor-version":[{"id":424,"href":"http:\/\/www.atelier-rieck.de\/index.php?rest_route=\/wp\/v2\/pages\/13\/revisions\/424"}],"wp:attachment":[{"href":"http:\/\/www.atelier-rieck.de\/index.php?rest_route=%2Fwp%2Fv2%2Fmedia&parent=13"}],"curies":[{"name":"wp","href":"https:\/\/api.w.org\/{rel}","templated":true}]}}